{"id":27,"date":"2018-01-19T20:52:07","date_gmt":"2018-01-19T20:52:07","guid":{"rendered":"http:\/\/hallotischler.berlin\/?page_id=27"},"modified":"2018-01-21T06:45:14","modified_gmt":"2018-01-21T06:45:14","slug":"impressum","status":"publish","type":"page","link":"https:\/\/www.hallotischler.berlin\/?page_id=27","title":{"rendered":"Impressum"},"content":{"rendered":"<div id=\"widgetcontainer_3547426_4u253fgD_PROD\" class=\"cm_widget_block      cm_widget cm4all_com_widgets_LegalNotice cm_widget_block_center cm-pixel-large cm-pixel-xlarge\">\n<div>\n<h2 class=\"cm-h1\">Impressum:<\/h2>\n<p>Tischlerei und M\u00f6belrestaurierung Fandrich GmbH<br \/>\nD. Debski (Gesch\u00e4ftsf\u00fchrer)<br \/>\nS. Winkler (Gesch\u00e4ftsf\u00fchrer)<\/p>\n<h3>Kontaktdaten:<\/h3>\n<table>\n<tbody>\n<tr>\n<td>Anschrift:<\/td>\n<td>Treseburger Stra\u00dfe 30<br \/>\n13129 Berlin<\/td>\n<\/tr>\n<tr>\n<td>Telefon:<\/td>\n<td>+49 30 36445760<\/td>\n<\/tr>\n<tr>\n<td>E-Mail:<\/td>\n<td>bewerbung@hallotischler.de<\/td>\n<\/tr>\n<\/tbody>\n<\/table>\n<h3>Register &amp; Registernummer:<\/h3>\n<p>Amtsgericht Charlottenburg<br \/>\nHRB 80705<\/p>\n<h3>Plattform der EU-Kommission zur Online-Streitbeilegung:<\/h3>\n<p><a href=\"http:\/\/www.ec.europa.eu\/consumers\/odr\" target=\"_blank\" rel=\"noopener\">www.ec.europa.eu\/consumers\/odr<\/a><\/p>\n<h2 class=\"cm-h1\">Datenschutz\u00aderkl\u00e4rung<\/h2>\n<p>Wir sind uns dar\u00fcber bewusst, dass Ihnen der Schutz Ihrer Privatsph\u00e4re bei der Benutzung unserer Websites ein wichtiges Anliegen ist. Wir nehmen den Schutz Ihrer pers\u00f6nlichen Daten sehr ernst. Deshalb m\u00f6chten wir, dass Sie wissen, wann wir welche Daten speichern und wie wir sie verwenden. Wir m\u00f6chten Sie deshalb mit dieser Datenschutzerkl\u00e4rung \u00fcber unsere Ma\u00dfnahmen zum Datenschutz in Kenntnis setzen.<\/p>\n<h3>Erfassung von Daten<\/h3>\n<p>Sie k\u00f6nnen unsere Online-Pr\u00e4sentation grunds\u00e4tzlich ohne Offenlegung Ihrer pers\u00f6nlichen Daten nutzen. Durch das Aufrufen unserer Website werden auf den Servern unseres technischen Diensteanbieters Content Management AG (<a href=\"http:\/\/www.web4business.de\/\" target=\"_blank\" rel=\"nofollow noopener\">www.web4business.de<\/a>) oder dessen Gesch\u00e4ftspartnern Daten f\u00fcr Sicherungszwecke gespeichert, wie der Name Ihres Internetserviceproviders, die Website, von der aus Sie uns besuchen, die Websites, die Sie bei uns besuchen und Ihre IP-Adresse. Diese Daten w\u00fcrden m\u00f6glicherweise eine Identifizierung zulassen, allerdings findet von uns diesbez\u00fcglich keine personenbezogene Verwertung statt. Sie k\u00f6nnen zu statistischen Zwecken ausgewertet werden, wobei der einzelne Benutzer jedoch anonym bleibt. Soweit Daten an externe Dienstleister weitergegeben werden, haben wir durch technische und organisatorische Ma\u00dfnahmen sichergestellt, dass die Vorschriften des Datenschutzes beachtet werden. Unser Internetauftritt integriert Inhalte anderer Anbieter. Dies k\u00f6nnen reine Content-Elemente (z.B. Nachrichten, Neuigkeiten) aber auch Widgets (Funktionen wie z.B. Wetternachrichten) sein. Aus technischen Gr\u00fcnden erfolgt dies, indem diese Inhalte vom Browser von anderen Servern geladen werden. In diesem Zusammenhang wird die aktuell von Ihrem Browser verwendete IP \u00fcbermittelt.<\/p>\n<h3>Erhebung und Verarbeitung pers\u00f6nlicher Daten<\/h3>\n<p>Personenbezogene Daten werden nur dann erhoben, wenn Sie uns diese von sich aus, z.B. im Rahmen einer Registrierung, durch das Ausf\u00fcllen von Formularen oder das Versenden von E-Mails, im Rahmen der Bestellung von Produkten oder Dienstleistungen, Anfragen oder Anforderung von Material oder im Mitgliederbereich zur Verf\u00fcgung stellen. Die Datenbank und ihre Inhalte bleiben bei uns und unserem technischen Diensteanbieter. Ihre pers\u00f6nlichen Daten werden in keiner Form von uns oder von uns beauftragten Personen Dritten zur Verf\u00fcgung gestellt, es sei denn, dass hierzu Ihr Einverst\u00e4ndnis oder eine beh\u00f6rdliche Anordnung vorliegt.<\/p>\n<h3>Verwendungszwecke<\/h3>\n<p>Die von Ihnen erfassten pers\u00f6nlichen Daten werden wir nur dazu verwenden, Ihnen die gew\u00fcnschten Produkte oder Dienstleistungen bereitzustellen, oder aber zu anderen Zwecken, f\u00fcr die Sie Ihre Einwilligung erteilt haben, sofern keine anderslautenden gesetzlichen Verpflichtungen bestehen.<\/p>\n<h3>Zugriffs- und Berichtigungsrecht<\/h3>\n<p>Sie haben das Recht, alle auf Ihre Person bezogenen Daten, die bei uns gespeichert sind, zu \u00fcberpr\u00fcfen und zu berichtigen, wenn sie Ihrer Meinung nach veraltet oder unrichtig sind. Hierzu gen\u00fcgt eine E-Mail an die im Impressum genannte E-Mail-Adresse.<\/p>\n<h3>Recht auf Widerruf<\/h3>\n<p>Sie sind berechtigt, die Einwilligung in die Verwendung personenbezogener Daten jederzeit mit Wirkung f\u00fcr die Zukunft zu widerrufen. Hierzu gen\u00fcgt eine E-Mail an die im Impressum genannte E-Mail-Adresse.<\/p>\n<h3>Aufbewahrung von Daten (Data Retention)<\/h3>\n<p>Wir speichern personenbezogene Daten so lange, wie es n\u00f6tig ist, um eine Dienstleistung auszuf\u00fchren, die Sie gew\u00fcnscht oder zu der Sie Ihre Einwilligung erteilt haben, sofern keine anderslautenden gesetzlichen Verpflichtungen bestehen wie zum Beispiel bei laufenden Gerichtsverfahren.<\/p>\n<h3>Einsatz von Cookies<\/h3>\n<p>In einigen Bereichen der Website werden sogenannte Cookies eingesetzt, um Ihnen unsere Leistung individueller zur Verf\u00fcgung stellen zu k\u00f6nnen. Cookies sind Kennungen, die ein Webserver an Ihren Computer senden kann, um ihn f\u00fcr die Dauer des Besuches zu identifizieren. Die meisten Browser sind so eingestellt, dass sie Cookies automatisch akzeptieren. Sie k\u00f6nnen das Speichern von Cookies aber auch deaktivieren oder Ihren Browser so einstellen, dass er Sie \u00fcber die Platzierung von Cookies informiert. Sofern Cookies nicht nur f\u00fcr die Dauer der jeweiligen Sitzung gespeichert und danach automatisiert gel\u00f6scht werden, sondern l\u00e4ngerfristig auf Ihrem Rechner abgelegt werden sollen, werden Sie beim Setzen eines solchen Cookies unterrichtet.<\/p>\n<h3>Sicherheit<\/h3>\n<p>Wir setzen technische und organisatorische Sicherheitsma\u00dfnahmen ein, um Ihre zur Verf\u00fcgung gestellten Daten durch zuf\u00e4llige oder vors\u00e4tzliche Manipulation, Verlust, Zerst\u00f6rung oder Zugriff unberechtigter Personen zu sch\u00fctzen. Im Falle der Erhebung und Verarbeitung pers\u00f6nlicher Daten werden die Informationen in verschl\u00fcsselter Form \u00fcbertragen, um einem Missbrauch der Daten durch Dritte vorzubeugen. Unsere Sicherungsma\u00dfnahmen werden entsprechend der technologischen Entwicklung fortlaufend \u00fcberarbeitet.<\/p>\n<h3>Kinder<\/h3>\n<p>Der Schutz der Privatsph\u00e4re von Kindern ist ein wichtiges Thema. Aus diesem Grund erheben, verarbeiten und nutzen wir auf unserer Webseite keine Informationen von Personen, von denen uns bekannt ist, dass sie unter 13 Jahre alt sind, ohne zuvor die nachpr\u00fcfbare Zustimmung eines gesetzlichen Vertreters eingeholt zu haben. Auf Anfrage k\u00f6nnen die gesetzlichen Vertreter die von ihrem Kind gegebenen Informationen einsehen bzw. verlangen, dass sie gel\u00f6scht werden.<\/p>\n<h3>Kontaktformular<\/h3>\n<p>Die personenbezogenen Daten, die Sie uns im Rahmen einer Kontaktanfrage z.B. mittels eines Kontaktformulars zur Verf\u00fcgung stellen, werden nur f\u00fcr die Beantwortung Ihrer Anfrage bzw. Kontaktaufnahme und f\u00fcr die damit verbundene technische Administration verwendet. Die Weitergabe an Dritte findet nicht statt. Sie haben das Recht, eine erteilte Einwilligung mit Wirkung f\u00fcr die Zukunft jederzeit zu widerrufen. In diesem Fall werden Ihre personenbezogenen Daten umgehend gel\u00f6scht. Ihre personenbezogenen Daten werden auch ohne Ihren Widerruf gel\u00f6scht, wenn wir Ihre Anfrage bearbeitet haben oder Sie die hier erteilte Einwilligung zur Speicherung widerrufen. Dies geschieht auch, wenn die Speicherung aus sonstigen gesetzlichen Gr\u00fcnden unzul\u00e4ssig ist.<\/p>\n<h3>Anpassungen<\/h3>\n<p>Die st\u00e4ndige Entwicklung des Internets macht von Zeit zu Zeit Anpassungen unserer Datenschutzerkl\u00e4rung erforderlich. Wir behalten uns vor, jederzeit entsprechende \u00c4nderungen vorzunehmen.<\/p>\n<\/div>\n<\/div>\n<h3>Erg\u00e4nzung: Plattform der EU-Kommission zur online Streitbeilegung<\/h3>\n<p>Beschwerdeverfahren via Online-Streitbeilegung f\u00fcr Verbraucher (OS):\u00a0<a class=\"cm_anchor\" href=\"http:\/\/ec.europa.eu\/consumers\/odr\/\" target=\"_blank\" rel=\"noopener\">http:\/\/ec.europa.eu\/consumers\/odr\/<\/a>.<\/p>\n<p>Wir sind nicht bereit und nicht verpflichtet an einem Streitbeilegungsverfahren vor einer Verbraucherschlichtungsstelle teilzunehmen.<\/p>\n","protected":false},"excerpt":{"rendered":"<p>Impressum: Tischlerei und M\u00f6belrestaurierung Fandrich GmbH D. Debski (Gesch\u00e4ftsf\u00fchrer) S. Winkler (Gesch\u00e4ftsf\u00fchrer) Kontaktdaten: Anschrift: Treseburger Stra\u00dfe 30 13129 Berlin Telefon: +49 30 36445760 E-Mail: bewerbung@hallotischler.de Register &amp; Registernummer: Amtsgericht Charlottenburg HRB 80705 Plattform der EU-Kommission zur Online-Streitbeilegung: www.ec.europa.eu\/consumers\/odr Datenschutz\u00aderkl\u00e4rung Wir sind uns dar\u00fcber bewusst, dass Ihnen der Schutz Ihrer Privatsph\u00e4re bei der Benutzung unserer Websites &hellip; <\/p>\n<p class=\"link-more\"><a href=\"https:\/\/www.hallotischler.berlin\/?page_id=27\" class=\"more-link\"><span class=\"screen-reader-text\">\u201eImpressum\u201c <\/span>weiterlesen<\/a><\/p>\n","protected":false},"author":1,"featured_media":0,"parent":0,"menu_order":0,"comment_status":"closed","ping_status":"closed","template":"","meta":{"footnotes":""},"class_list":["post-27","page","type-page","status-publish","hentry"],"_links":{"self":[{"href":"https:\/\/www.hallotischler.berlin\/index.php?rest_route=\/wp\/v2\/pages\/27","targetHints":{"allow":["GET"]}}],"collection":[{"href":"https:\/\/www.hallotischler.berlin\/index.php?rest_route=\/wp\/v2\/pages"}],"about":[{"href":"https:\/\/www.hallotischler.berlin\/index.php?rest_route=\/wp\/v2\/types\/page"}],"author":[{"embeddable":true,"href":"https:\/\/www.hallotischler.berlin\/index.php?rest_route=\/wp\/v2\/users\/1"}],"replies":[{"embeddable":true,"href":"https:\/\/www.hallotischler.berlin\/index.php?rest_route=%2Fwp%2Fv2%2Fcomments&post=27"}],"version-history":[{"count":3,"href":"https:\/\/www.hallotischler.berlin\/index.php?rest_route=\/wp\/v2\/pages\/27\/revisions"}],"predecessor-version":[{"id":48,"href":"https:\/\/www.hallotischler.berlin\/index.php?rest_route=\/wp\/v2\/pages\/27\/revisions\/48"}],"wp:attachment":[{"href":"https:\/\/www.hallotischler.berlin\/index.php?rest_route=%2Fwp%2Fv2%2Fmedia&parent=27"}],"curies":[{"name":"wp","href":"https:\/\/api.w.org\/{rel}","templated":true}]}}